{"id":422,"date":"2023-09-22T10:08:46","date_gmt":"2023-09-22T08:08:46","guid":{"rendered":"http:\/\/haarlemcollege2023.test\/?page_id=422"},"modified":"2026-03-15T12:16:57","modified_gmt":"2026-03-15T11:16:57","slug":"deschool","status":"publish","type":"page","link":"https:\/\/haarlemcollege.nl\/tr\/deschool\/","title":{"rendered":"Okul"},"content":{"rendered":"<h2 class=\"wp-block-heading has-text-align-center\">Over onze school <\/h2>\n\n\n\n<p class=\"has-text-align-center\">Als je kiest voor het Haarlem College ben je straks klaar voor de toekomst. Dit gaat om meer dan alleen digitale vaardigheden. Je leert zelfredzaam te zijn, om te gaan met tegenslagen en traint je weerbaarheid. Je leert kritisch denken door situaties van meerdere kanten en standpunten te bekijken. Je leert dat er meer is dan goed of fout, meer kleuren dan zwart of wit. Je leert je talenten kennen en volgt de opleiding die het beste bij je past.<\/p>\n\n\n\n<div class=\"wp-block-columns is-layout-flex wp-container-core-columns-is-layout-9d6595d7 wp-block-columns-is-layout-flex\">\n<div class=\"wp-block-column is-layout-flow wp-block-column-is-layout-flow\" style=\"flex-basis:100%\">\n<div class=\"wp-block-buttons is-layout-flex wp-block-buttons-is-layout-flex\">\n<div class=\"wp-block-button is-style-secondary\"><a class=\"wp-block-button__link wp-element-button\" href=\"https:\/\/haarlemcollege.nl\/tr\/het-gebouw\/\">\u00d6\u011frenme ortam\u0131<\/a><\/div>\n\n\n\n<div class=\"wp-block-button is-style-secondary\"><a class=\"wp-block-button__link wp-element-button\" href=\"https:\/\/haarlemcollege.nl\/tr\/gezondeschool\/\">Gezonde school<\/a><\/div>\n\n\n\n<div class=\"wp-block-button is-style-secondary\"><a class=\"wp-block-button__link wp-element-button\" href=\"https:\/\/haarlemcollege.nl\/tr\/schoolgids\/schoolplan-2026-2030\/\">Schoolplan 2026-2030<\/a><\/div>\n\n\n\n<div class=\"wp-block-button is-style-secondary\"><a class=\"wp-block-button__link wp-element-button\" href=\"https:\/\/haarlemcollege.nl\/tr\/ondersteuning\/\">Destek<\/a><\/div>\n\n\n\n<div class=\"wp-block-button is-style-secondary\"><a class=\"wp-block-button__link wp-element-button\" href=\"https:\/\/haarlemcollege.nl\/tr\/schoolgids\/schoolregels\/\">Okul kurallar\u0131<\/a><\/div>\n\n\n\n<div class=\"wp-block-button is-style-secondary\"><a class=\"wp-block-button__link wp-element-button\" href=\"https:\/\/haarlemcollege.nl\/tr\/havo\/\">Over de havo<\/a><\/div>\n<\/div>\n\n\n\n<div class=\"wp-block-buttons is-layout-flex wp-block-buttons-is-layout-flex\"><\/div>\n<\/div>\n<\/div>\n\n\n\n<section class=\"image-text wp-block alignfull bg-dark image-text--image-right\" >\n    <div class=\"row align-middle\">\n                    <div class=\"column small-12 large-6 image-text__text-col\">\n                <div class=\"px-l\">\n                                            <h2 class=\"image-text__title\">Nieuw: havo op het Haarlem College<\/h2>\n                                                                <div class=\"image-text__text fs-large\">\n                            <p style=\"text-align: left;\" data-mce-style=\"text-align: left;\">Vanaf volgend schooljaar starten we met een havo op het Haarlem College. Naast theorie voegen we ook een praktisch component toe en leggen we de focus op toekomstgerichte vaardigheden als zelfredzaamheid, samenwerken en effectief plannen. Zodat jij nog beter bent voorbereid op je vervolgopleiding.<\/p>\n                        <\/div>\n                                                                                        <a href=\"https:\/\/haarlemcollege.nl\/tr\/havo\/\" class=\"button is-style-primary\" role=\"button\" >Meer over de havo<\/a>\n                                    <\/div>\n            <\/div>\n                <div class=\"column small-12 large-6 image-text__image-col\">\n                                        <img decoding=\"async\" loading=\"lazy\" class=\"image-text__image\" src=\"https:\/\/haarlemcollege.nl\/wp-content\/uploads\/2023\/10\/jongen_verbazing_homepage-1024x768.jpg\" title=\"jongen_verbazing_homepage\" alt=\"Jongen vol verbazing\" \/>\n                    <\/div>\n    <\/div>\n<\/section>","protected":false},"excerpt":{"rendered":"<p>Over onze school Als je kiest voor het Haarlem College ben je straks klaar voor de toekomst. Dit gaat om meer dan alleen digitale vaardigheden. Je leert zelfredzaam te zijn, om te gaan met tegenslagen en traint je weerbaarheid. Je leert kritisch denken door situaties van meerdere kanten en standpunten te bekijken. Je leert dat<a class=\"excerpt-read-more\" href=\"https:\/\/haarlemcollege.nl\/tr\/deschool\/\" title=\"Lees meerDe school\">&#8230; Lees meer &raquo;<\/a><\/p>","protected":false},"author":1,"featured_media":262,"parent":0,"menu_order":0,"comment_status":"closed","ping_status":"closed","template":"","meta":{"_acf_changed":false,"footnotes":""},"class_list":["post-422","page","type-page","status-publish","has-post-thumbnail","hentry"],"acf":[],"yoast_head":"<!-- This site is optimized with the Yoast SEO plugin v27.4 - https:\/\/yoast.com\/product\/yoast-seo-wordpress\/ -->\n<title>De school - Haarlem College<\/title>\n<meta name=\"robots\" content=\"index, follow, max-snippet:-1, max-image-preview:large, max-video-preview:-1\" \/>\n<link rel=\"canonical\" href=\"https:\/\/haarlemcollege.nl\/tr\/deschool\/\" \/>\n<meta property=\"og:locale\" content=\"tr_TR\" \/>\n<meta property=\"og:type\" content=\"article\" \/>\n<meta property=\"og:title\" content=\"De school - Haarlem College\" \/>\n<meta property=\"og:description\" content=\"Over onze school Als je kiest voor het Haarlem College ben je straks klaar voor de toekomst. Dit gaat om meer dan alleen digitale vaardigheden. Je leert zelfredzaam te zijn, om te gaan met tegenslagen en traint je weerbaarheid. Je leert kritisch denken door situaties van meerdere kanten en standpunten te bekijken. Je leert dat... Lees meer &raquo;\" \/>\n<meta property=\"og:url\" content=\"https:\/\/haarlemcollege.nl\/tr\/deschool\/\" \/>\n<meta property=\"og:site_name\" content=\"Haarlem College\" \/>\n<meta property=\"article:modified_time\" content=\"2026-03-15T11:16:57+00:00\" \/>\n<meta property=\"og:image\" content=\"https:\/\/haarlemcollege.nl\/wp-content\/uploads\/2023\/09\/default-header-1800x720-1.jpg\" \/>\n\t<meta property=\"og:image:width\" content=\"1800\" \/>\n\t<meta property=\"og:image:height\" content=\"718\" \/>\n\t<meta property=\"og:image:type\" content=\"image\/jpeg\" \/>\n<meta name=\"twitter:card\" content=\"summary_large_image\" \/>\n<meta name=\"twitter:label1\" content=\"Est. reading time\" \/>\n\t<meta name=\"twitter:data1\" content=\"1 dakika\" \/>\n<script type=\"application\/ld+json\" class=\"yoast-schema-graph\">{\"@context\":\"https:\\\/\\\/schema.org\",\"@graph\":[{\"@type\":\"WebPage\",\"@id\":\"https:\\\/\\\/haarlemcollege.nl\\\/deschool\\\/\",\"url\":\"https:\\\/\\\/haarlemcollege.nl\\\/deschool\\\/\",\"name\":\"De school - Haarlem College\",\"isPartOf\":{\"@id\":\"https:\\\/\\\/haarlemcollege.nl\\\/#website\"},\"primaryImageOfPage\":{\"@id\":\"https:\\\/\\\/haarlemcollege.nl\\\/deschool\\\/#primaryimage\"},\"image\":{\"@id\":\"https:\\\/\\\/haarlemcollege.nl\\\/deschool\\\/#primaryimage\"},\"thumbnailUrl\":\"https:\\\/\\\/haarlemcollege.nl\\\/wp-content\\\/uploads\\\/2023\\\/09\\\/default-header-1800x720-1.jpg\",\"datePublished\":\"2023-09-22T08:08:46+00:00\",\"dateModified\":\"2026-03-15T11:16:57+00:00\",\"breadcrumb\":{\"@id\":\"https:\\\/\\\/haarlemcollege.nl\\\/deschool\\\/#breadcrumb\"},\"inLanguage\":\"tr\",\"potentialAction\":[{\"@type\":\"ReadAction\",\"target\":[\"https:\\\/\\\/haarlemcollege.nl\\\/deschool\\\/\"]}]},{\"@type\":\"ImageObject\",\"inLanguage\":\"tr\",\"@id\":\"https:\\\/\\\/haarlemcollege.nl\\\/deschool\\\/#primaryimage\",\"url\":\"https:\\\/\\\/haarlemcollege.nl\\\/wp-content\\\/uploads\\\/2023\\\/09\\\/default-header-1800x720-1.jpg\",\"contentUrl\":\"https:\\\/\\\/haarlemcollege.nl\\\/wp-content\\\/uploads\\\/2023\\\/09\\\/default-header-1800x720-1.jpg\",\"width\":1800,\"height\":718},{\"@type\":\"BreadcrumbList\",\"@id\":\"https:\\\/\\\/haarlemcollege.nl\\\/deschool\\\/#breadcrumb\",\"itemListElement\":[{\"@type\":\"ListItem\",\"position\":1,\"name\":\"Home\",\"item\":\"https:\\\/\\\/haarlemcollege.nl\\\/\"},{\"@type\":\"ListItem\",\"position\":2,\"name\":\"De school\"}]},{\"@type\":\"WebSite\",\"@id\":\"https:\\\/\\\/haarlemcollege.nl\\\/#website\",\"url\":\"https:\\\/\\\/haarlemcollege.nl\\\/\",\"name\":\"Haarlem College\",\"description\":\"\",\"potentialAction\":[{\"@type\":\"SearchAction\",\"target\":{\"@type\":\"EntryPoint\",\"urlTemplate\":\"https:\\\/\\\/haarlemcollege.nl\\\/?s={search_term_string}\"},\"query-input\":{\"@type\":\"PropertyValueSpecification\",\"valueRequired\":true,\"valueName\":\"search_term_string\"}}],\"inLanguage\":\"tr\"}]}<\/script>\n<!-- \/ Yoast SEO plugin. -->","yoast_head_json":{"title":"De school - Haarlem College","robots":{"index":"index","follow":"follow","max-snippet":"max-snippet:-1","max-image-preview":"max-image-preview:large","max-video-preview":"max-video-preview:-1"},"canonical":"https:\/\/haarlemcollege.nl\/tr\/deschool\/","og_locale":"tr_TR","og_type":"article","og_title":"De school - Haarlem College","og_description":"Over onze school Als je kiest voor het Haarlem College ben je straks klaar voor de toekomst. Dit gaat om meer dan alleen digitale vaardigheden. Je leert zelfredzaam te zijn, om te gaan met tegenslagen en traint je weerbaarheid. Je leert kritisch denken door situaties van meerdere kanten en standpunten te bekijken. Je leert dat... Lees meer &raquo;","og_url":"https:\/\/haarlemcollege.nl\/tr\/deschool\/","og_site_name":"Haarlem College","article_modified_time":"2026-03-15T11:16:57+00:00","og_image":[{"width":1800,"height":718,"url":"https:\/\/haarlemcollege.nl\/wp-content\/uploads\/2023\/09\/default-header-1800x720-1.jpg","type":"image\/jpeg"}],"twitter_card":"summary_large_image","twitter_misc":{"Est. reading time":"1 dakika"},"schema":{"@context":"https:\/\/schema.org","@graph":[{"@type":"WebPage","@id":"https:\/\/haarlemcollege.nl\/deschool\/","url":"https:\/\/haarlemcollege.nl\/deschool\/","name":"De school - Haarlem College","isPartOf":{"@id":"https:\/\/haarlemcollege.nl\/#website"},"primaryImageOfPage":{"@id":"https:\/\/haarlemcollege.nl\/deschool\/#primaryimage"},"image":{"@id":"https:\/\/haarlemcollege.nl\/deschool\/#primaryimage"},"thumbnailUrl":"https:\/\/haarlemcollege.nl\/wp-content\/uploads\/2023\/09\/default-header-1800x720-1.jpg","datePublished":"2023-09-22T08:08:46+00:00","dateModified":"2026-03-15T11:16:57+00:00","breadcrumb":{"@id":"https:\/\/haarlemcollege.nl\/deschool\/#breadcrumb"},"inLanguage":"tr","potentialAction":[{"@type":"ReadAction","target":["https:\/\/haarlemcollege.nl\/deschool\/"]}]},{"@type":"ImageObject","inLanguage":"tr","@id":"https:\/\/haarlemcollege.nl\/deschool\/#primaryimage","url":"https:\/\/haarlemcollege.nl\/wp-content\/uploads\/2023\/09\/default-header-1800x720-1.jpg","contentUrl":"https:\/\/haarlemcollege.nl\/wp-content\/uploads\/2023\/09\/default-header-1800x720-1.jpg","width":1800,"height":718},{"@type":"BreadcrumbList","@id":"https:\/\/haarlemcollege.nl\/deschool\/#breadcrumb","itemListElement":[{"@type":"ListItem","position":1,"name":"Home","item":"https:\/\/haarlemcollege.nl\/"},{"@type":"ListItem","position":2,"name":"De school"}]},{"@type":"WebSite","@id":"https:\/\/haarlemcollege.nl\/#website","url":"https:\/\/haarlemcollege.nl\/","name":"Haarlem College","description":"","potentialAction":[{"@type":"SearchAction","target":{"@type":"EntryPoint","urlTemplate":"https:\/\/haarlemcollege.nl\/?s={search_term_string}"},"query-input":{"@type":"PropertyValueSpecification","valueRequired":true,"valueName":"search_term_string"}}],"inLanguage":"tr"}]}},"_links":{"self":[{"href":"https:\/\/haarlemcollege.nl\/tr\/wp-json\/wp\/v2\/pages\/422","targetHints":{"allow":["GET"]}}],"collection":[{"href":"https:\/\/haarlemcollege.nl\/tr\/wp-json\/wp\/v2\/pages"}],"about":[{"href":"https:\/\/haarlemcollege.nl\/tr\/wp-json\/wp\/v2\/types\/page"}],"author":[{"embeddable":true,"href":"https:\/\/haarlemcollege.nl\/tr\/wp-json\/wp\/v2\/users\/1"}],"replies":[{"embeddable":true,"href":"https:\/\/haarlemcollege.nl\/tr\/wp-json\/wp\/v2\/comments?post=422"}],"version-history":[{"count":5,"href":"https:\/\/haarlemcollege.nl\/tr\/wp-json\/wp\/v2\/pages\/422\/revisions"}],"predecessor-version":[{"id":4425,"href":"https:\/\/haarlemcollege.nl\/tr\/wp-json\/wp\/v2\/pages\/422\/revisions\/4425"}],"wp:featuredmedia":[{"embeddable":true,"href":"https:\/\/haarlemcollege.nl\/tr\/wp-json\/wp\/v2\/media\/262"}],"wp:attachment":[{"href":"https:\/\/haarlemcollege.nl\/tr\/wp-json\/wp\/v2\/media?parent=422"}],"curies":[{"name":"wp","href":"https:\/\/api.w.org\/{rel}","templated":true}]}}