{"id":2,"date":"2023-09-18T11:44:12","date_gmt":"2023-09-18T11:44:12","guid":{"rendered":"http:\/\/haarlemcollege2023.test\/?page_id=2"},"modified":"2026-04-08T15:00:08","modified_gmt":"2026-04-08T13:00:08","slug":"home","status":"publish","type":"page","link":"https:\/\/haarlemcollege.nl\/es\/","title":{"rendered":"Casa"},"content":{"rendered":"<section class=\"image-text wp-block alignfull bg-dark image-text--image-right\" >\n    <div class=\"row align-middle\">\n                    <div class=\"column small-12 large-6 image-text__text-col\">\n                <div class=\"px-l\">\n                                            <h2 class=\"image-text__title\">Inscripci\u00f3n y registro para la clase preparatoria de escuela secundaria para el a\u00f1o escolar 2026-2027<\/h2>\n                                                                <div class=\"image-text__text fs-large\">\n                            <p>Al igual que el a\u00f1o pasado, se pidi\u00f3 a todos los alumnos que indicaran su preferencia por un centro de ense\u00f1anza secundaria. Muchos estudiantes hicieron una amplia orientaci\u00f3n, visitaron jornadas de puertas abiertas y finalmente declararon sus centros preferidos.<\/p>\n<p>Para el a\u00f1o escolar 2026-2027, 4664 estudiantes se han matriculado en varias escuelas en Zuid-Kennemerland, Velsen y Haarlemmermeer. Las juntas escolares conjuntas pueden informar que el 95% de los estudiantes ha sido asignado a su escuela de primera elecci\u00f3n.<\/p>\n                        <\/div>\n                                                                                        <a href=\"https:\/\/haarlemcollege.nl\/es\/aanmelding-en-inschrijving-brugklas-vo-schooljaar-2026-2027\/\" class=\"button is-style-primary\" role=\"button\" >Lea m\u00e1s sobre registro e inscripci\u00f3n<\/a>\n                                    <\/div>\n            <\/div>\n                <div class=\"column small-12 large-6 image-text__image-col\">\n                                        <img decoding=\"async\" loading=\"lazy\" class=\"image-text__image\" src=\"https:\/\/haarlemcollege.nl\/wp-content\/uploads\/2023\/10\/meisje_vlechten-2mb-poging-2-1024x768.jpg\" title=\"chica_trenzas-2mb-intento-2\" alt=\"\" \/>\n                    <\/div>\n    <\/div>\n<\/section>\n\n\n<section class=\"image-text wp-block alignfull no-bg image-text--image-left\" >\n    <div class=\"row align-middle\">\n                    <div class=\"column small-12 large-6 image-text__text-col\">\n                <div class=\"px-l\">\n                                            <h2 class=\"image-text__title\">Havo en el Haarlem College: bien valorado y listo para el futuro<\/h2>\n                                                                <div class=\"image-text__text fs-large\">\n                            <p>La secci\u00f3n de Havo en el Haarlem College es s\u00f3lida. Desde el inicio de la secci\u00f3n, se ha trabajado meticulosamente en construir una buena educaci\u00f3n, atenci\u00f3n personal y un entorno de aprendizaje seguro. Con resultados: la inspecci\u00f3n calific\u00f3 nuestra Havo como suficiente en todas las \u00e1reas examinadas. Esa es la calificaci\u00f3n m\u00e1s alta posible.<\/p>\n<p>Importante a saber: esta visita de inspecci\u00f3n no se realiz\u00f3 porque exist\u00edan preocupaciones, sino porque la inspecci\u00f3n al inicio de una nueva secci\u00f3n investiga de forma est\u00e1ndar si la calidad est\u00e1 en orden. La conclusi\u00f3n fue clara: <strong>s\u00ed<\/strong>. La inspecci\u00f3n visit\u00f3 clases y habl\u00f3 con profesores, tutores, el equipo de apoyo y los alumnos.<\/p>\n                        <\/div>\n                                                                                        <a href=\"https:\/\/haarlemcollege.nl\/es\/havo-op-het-haarlem-college-goed-beoordeeld-en-klaar-voor-de-toekomst\/\" class=\"button is-style-primary\" role=\"button\" >Leer meer over onze havo<\/a>\n                                    <\/div>\n            <\/div>\n                <div class=\"column small-12 large-6 image-text__image-col\">\n                                        <img decoding=\"async\" loading=\"lazy\" class=\"image-text__image\" src=\"https:\/\/haarlemcollege.nl\/wp-content\/uploads\/2026\/03\/JH290129-LR-1024x768.jpg\" title=\"JH290129 LR\" alt=\"\" \/>\n                    <\/div>\n    <\/div>\n<\/section>\n\n\n<section class=\"image-text wp-block alignfull no-bg image-text--image-right\" >\n    <div class=\"row align-middle\">\n                    <div class=\"column small-12 large-6 image-text__text-col\">\n                <div class=\"px-l\">\n                                            <h2 class=\"image-text__title\">Por qu\u00e9 elegir la Universidad de Haarlem<\/h2>\n                                                                <div class=\"image-text__text fs-large\">\n                            <p style=\"text-align: left;\">En el Haarlem College tienes la oportunidad de mostrar tus talentos. Durante tu estancia aqu\u00ed descubrir\u00e1s en qu\u00e9 eres bueno y qu\u00e9 te gusta realmente hacer en el futuro. Recibir\u00e1s clases sobre fotograf\u00eda, nutrici\u00f3n, primeros auxilios, tecnolog\u00eda, m\u00fasica y mucho m\u00e1s. Al trabajar con clases peque\u00f1as hay mucho espacio para la atenci\u00f3n personal. Y t\u00fa eliges tu propio camino hacia tu diploma. En el Haarlem College, es posible.<\/p>\n                        <\/div>\n                                                                                        <a href=\"https:\/\/haarlemcollege.nl\/es\/onderwijs\/\" class=\"button is-style-primary\" role=\"button\" >M\u00e1s sobre nuestra educaci\u00f3n<\/a>\n                                    <\/div>\n            <\/div>\n                <div class=\"column small-12 large-6 image-text__image-col\">\n                                        <img decoding=\"async\" loading=\"lazy\" class=\"image-text__image\" src=\"https:\/\/haarlemcollege.nl\/wp-content\/uploads\/2023\/10\/Jongen_techniek_2mb-1024x768.jpg\" title=\"Chico_t\u00e9cnica_2mb\" alt=\"Leerling bouwt bij techniek les aan wagentje.\" \/>\n                    <\/div>\n    <\/div>\n<\/section>\n\n\n<section class=\"image-text wp-block alignfull image-text--image-left\" >\n    <div class=\"row align-middle\">\n                    <div class=\"column small-12 large-6 image-text__text-col\">\n                <div class=\"px-l\">\n                                            <h2 class=\"image-text__title\">Havo en la Universidad de Haarlem<\/h2>\n                                                                <div class=\"image-text__text fs-large\">\n                            <p>El havo en el Haarlem College se distingue por el equilibrio entre pensar y hacer. Al a\u00f1adir un componente pr\u00e1ctico junto a la teor\u00eda, mantenemos alta la motivaci\u00f3n y el compromiso de los estudiantes. Adem\u00e1s, nos centramos en las habilidades orientadas al futuro, como la autosuficiencia, la cooperaci\u00f3n y la planificaci\u00f3n eficaz. Para que est\u00e9s a\u00fan mejor preparado para tus estudios posteriores. \u00bfPor qu\u00e9 elegir Haarlem College? Mira el v\u00eddeo.<\/p>\n                        <\/div>\n                                                                                        <a href=\"https:\/\/haarlemcollege.nl\/es\/havo\/\" class=\"button is-style-primary\" role=\"button\" >Havo en la Universidad de Haarlem<\/a>\n                                    <\/div>\n            <\/div>\n                <div class=\"column small-12 large-6 image-text__image-col\">\n                            <div loading=\"lazy\" id=\"player\" class=\"player\" data-plyr-provider=\"vimeo\" data-plyr-embed-id=\"925879978\"><\/div>\n                                <\/div>\n    <\/div>\n<\/section>\n\n\n<section class=\"image-text wp-block alignfull image-text--image-right\" >\n    <div class=\"row align-middle\">\n                    <div class=\"column small-12 large-6 image-text__text-col\">\n                <div class=\"px-l\">\n                                            <h2 class=\"image-text__title\">Aprender en un ambiente inspirador<\/h2>\n                                                                <div class=\"image-text__text fs-large\">\n                            <p style=\"text-align: left;\">En el Haarlem College, recibes lecciones en un entorno inspirador. Tenemos nuestro propio teatro profesional, un moderno pabell\u00f3n deportivo y un Techlab con gafas de RV, drones y robots. Todos los ingredientes est\u00e1n presentes para que muestres tus talentos. As\u00ed estar\u00e1s listo para el futuro.<\/p>\n                        <\/div>\n                                                                                        <a href=\"https:\/\/haarlemcollege.nl\/es\/het-gebouw\/\" class=\"button is-style-primary\" role=\"button\" >Ver las instalaciones<\/a>\n                                    <\/div>\n            <\/div>\n                <div class=\"column small-12 large-6 image-text__image-col\">\n                                        <img decoding=\"async\" loading=\"lazy\" class=\"image-text__image\" src=\"https:\/\/haarlemcollege.nl\/wp-content\/uploads\/2023\/10\/Haarlem_College_gebouw_2mb-1024x768.jpg\" title=\"Edificio_Colegio_Haarlem_2mb\" alt=\"\" \/>\n                    <\/div>\n    <\/div>\n<\/section>\n\n\n<section class=\"wp-block gradient-bg quote-block alignfull mb-0\" >\n    <div class=\"row align-middle\">\n        <div class=\"column small-12 xlarge-6\">\n                            <h2>Toda la informaci\u00f3n pr\u00e1ctica la encontrar\u00e1s aqu\u00ed.<\/h2>\n                    <\/div>\n        <div class=\"column small-12 xlarge-6\">\n            <p>Toda la informaci\u00f3n importante y pr\u00e1ctica se encuentra en nuestra gu\u00eda escolar en l\u00ednea. Utilice el \u00edndice alfab\u00e9tico o la funci\u00f3n de b\u00fasqueda para buscar de manera espec\u00edfica. El resumen de vacaciones, c\u00f3mo informar una ausencia por enfermedad e informaci\u00f3n para padre(s)\/tutor(es). Todo est\u00e1 ah\u00ed. As\u00ed de f\u00e1cil.<\/p>\n                            <a href=\"https:\/\/haarlemcollege.nl\/es\/schoolgids\/\" class=\"button is-style-primary\" role=\"button\" >Ve al manual escolar<\/a>\n                    <\/div>\n    <\/div>\n<\/section>","protected":false},"excerpt":{"rendered":"","protected":false},"author":1,"featured_media":925,"parent":0,"menu_order":0,"comment_status":"closed","ping_status":"closed","template":"","meta":{"_acf_changed":false,"footnotes":""},"class_list":["post-2","page","type-page","status-publish","has-post-thumbnail","hentry"],"acf":[],"yoast_head":"<!-- This site is optimized with the Yoast SEO plugin v27.4 - https:\/\/yoast.com\/product\/yoast-seo-wordpress\/ -->\n<title>Home - Haarlem College<\/title>\n<meta name=\"robots\" content=\"index, follow, max-snippet:-1, max-image-preview:large, max-video-preview:-1\" \/>\n<link rel=\"canonical\" href=\"https:\/\/haarlemcollege.nl\/es\/\" \/>\n<meta property=\"og:locale\" content=\"es_ES\" \/>\n<meta property=\"og:type\" content=\"article\" \/>\n<meta property=\"og:title\" content=\"Home - Haarlem College\" \/>\n<meta property=\"og:url\" content=\"https:\/\/haarlemcollege.nl\/es\/\" \/>\n<meta property=\"og:site_name\" content=\"Haarlem College\" \/>\n<meta property=\"article:modified_time\" content=\"2026-04-08T13:00:08+00:00\" \/>\n<meta property=\"og:image\" content=\"https:\/\/haarlemcollege.nl\/wp-content\/uploads\/2023\/10\/Haarlem_College_gebouw_2mb-scaled.jpg\" \/>\n\t<meta property=\"og:image:width\" content=\"2560\" \/>\n\t<meta property=\"og:image:height\" content=\"1755\" \/>\n\t<meta property=\"og:image:type\" content=\"image\/jpeg\" \/>\n<meta name=\"twitter:card\" content=\"summary_large_image\" \/>\n<meta name=\"twitter:label1\" content=\"Est. reading time\" \/>\n\t<meta name=\"twitter:data1\" content=\"1 minuto\" \/>\n<script type=\"application\/ld+json\" class=\"yoast-schema-graph\">{\"@context\":\"https:\\\/\\\/schema.org\",\"@graph\":[{\"@type\":\"WebPage\",\"@id\":\"https:\\\/\\\/haarlemcollege.nl\\\/\",\"url\":\"https:\\\/\\\/haarlemcollege.nl\\\/\",\"name\":\"Home - Haarlem College\",\"isPartOf\":{\"@id\":\"https:\\\/\\\/haarlemcollege.nl\\\/#website\"},\"primaryImageOfPage\":{\"@id\":\"https:\\\/\\\/haarlemcollege.nl\\\/#primaryimage\"},\"image\":{\"@id\":\"https:\\\/\\\/haarlemcollege.nl\\\/#primaryimage\"},\"thumbnailUrl\":\"https:\\\/\\\/haarlemcollege.nl\\\/wp-content\\\/uploads\\\/2023\\\/10\\\/Haarlem_College_gebouw_2mb-scaled.jpg\",\"datePublished\":\"2023-09-18T11:44:12+00:00\",\"dateModified\":\"2026-04-08T13:00:08+00:00\",\"breadcrumb\":{\"@id\":\"https:\\\/\\\/haarlemcollege.nl\\\/#breadcrumb\"},\"inLanguage\":\"es\",\"potentialAction\":[{\"@type\":\"ReadAction\",\"target\":[\"https:\\\/\\\/haarlemcollege.nl\\\/\"]}]},{\"@type\":\"ImageObject\",\"inLanguage\":\"es\",\"@id\":\"https:\\\/\\\/haarlemcollege.nl\\\/#primaryimage\",\"url\":\"https:\\\/\\\/haarlemcollege.nl\\\/wp-content\\\/uploads\\\/2023\\\/10\\\/Haarlem_College_gebouw_2mb-scaled.jpg\",\"contentUrl\":\"https:\\\/\\\/haarlemcollege.nl\\\/wp-content\\\/uploads\\\/2023\\\/10\\\/Haarlem_College_gebouw_2mb-scaled.jpg\",\"width\":2560,\"height\":1755},{\"@type\":\"BreadcrumbList\",\"@id\":\"https:\\\/\\\/haarlemcollege.nl\\\/#breadcrumb\",\"itemListElement\":[{\"@type\":\"ListItem\",\"position\":1,\"name\":\"Home\",\"item\":\"https:\\\/\\\/haarlemcollege.nl\\\/\"},{\"@type\":\"ListItem\",\"position\":2,\"name\":\"Home\"}]},{\"@type\":\"WebSite\",\"@id\":\"https:\\\/\\\/haarlemcollege.nl\\\/#website\",\"url\":\"https:\\\/\\\/haarlemcollege.nl\\\/\",\"name\":\"Haarlem College\",\"description\":\"\",\"potentialAction\":[{\"@type\":\"SearchAction\",\"target\":{\"@type\":\"EntryPoint\",\"urlTemplate\":\"https:\\\/\\\/haarlemcollege.nl\\\/?s={search_term_string}\"},\"query-input\":{\"@type\":\"PropertyValueSpecification\",\"valueRequired\":true,\"valueName\":\"search_term_string\"}}],\"inLanguage\":\"es\"}]}<\/script>\n<!-- \/ Yoast SEO plugin. -->","yoast_head_json":{"title":"Home - Haarlem College","robots":{"index":"index","follow":"follow","max-snippet":"max-snippet:-1","max-image-preview":"max-image-preview:large","max-video-preview":"max-video-preview:-1"},"canonical":"https:\/\/haarlemcollege.nl\/es\/","og_locale":"es_ES","og_type":"article","og_title":"Home - Haarlem College","og_url":"https:\/\/haarlemcollege.nl\/es\/","og_site_name":"Haarlem College","article_modified_time":"2026-04-08T13:00:08+00:00","og_image":[{"width":2560,"height":1755,"url":"https:\/\/haarlemcollege.nl\/wp-content\/uploads\/2023\/10\/Haarlem_College_gebouw_2mb-scaled.jpg","type":"image\/jpeg"}],"twitter_card":"summary_large_image","twitter_misc":{"Est. reading time":"1 minuto"},"schema":{"@context":"https:\/\/schema.org","@graph":[{"@type":"WebPage","@id":"https:\/\/haarlemcollege.nl\/","url":"https:\/\/haarlemcollege.nl\/","name":"Home - Haarlem College","isPartOf":{"@id":"https:\/\/haarlemcollege.nl\/#website"},"primaryImageOfPage":{"@id":"https:\/\/haarlemcollege.nl\/#primaryimage"},"image":{"@id":"https:\/\/haarlemcollege.nl\/#primaryimage"},"thumbnailUrl":"https:\/\/haarlemcollege.nl\/wp-content\/uploads\/2023\/10\/Haarlem_College_gebouw_2mb-scaled.jpg","datePublished":"2023-09-18T11:44:12+00:00","dateModified":"2026-04-08T13:00:08+00:00","breadcrumb":{"@id":"https:\/\/haarlemcollege.nl\/#breadcrumb"},"inLanguage":"es","potentialAction":[{"@type":"ReadAction","target":["https:\/\/haarlemcollege.nl\/"]}]},{"@type":"ImageObject","inLanguage":"es","@id":"https:\/\/haarlemcollege.nl\/#primaryimage","url":"https:\/\/haarlemcollege.nl\/wp-content\/uploads\/2023\/10\/Haarlem_College_gebouw_2mb-scaled.jpg","contentUrl":"https:\/\/haarlemcollege.nl\/wp-content\/uploads\/2023\/10\/Haarlem_College_gebouw_2mb-scaled.jpg","width":2560,"height":1755},{"@type":"BreadcrumbList","@id":"https:\/\/haarlemcollege.nl\/#breadcrumb","itemListElement":[{"@type":"ListItem","position":1,"name":"Home","item":"https:\/\/haarlemcollege.nl\/"},{"@type":"ListItem","position":2,"name":"Home"}]},{"@type":"WebSite","@id":"https:\/\/haarlemcollege.nl\/#website","url":"https:\/\/haarlemcollege.nl\/","name":"Haarlem College","description":"","potentialAction":[{"@type":"SearchAction","target":{"@type":"EntryPoint","urlTemplate":"https:\/\/haarlemcollege.nl\/?s={search_term_string}"},"query-input":{"@type":"PropertyValueSpecification","valueRequired":true,"valueName":"search_term_string"}}],"inLanguage":"es"}]}},"_links":{"self":[{"href":"https:\/\/haarlemcollege.nl\/es\/wp-json\/wp\/v2\/pages\/2","targetHints":{"allow":["GET"]}}],"collection":[{"href":"https:\/\/haarlemcollege.nl\/es\/wp-json\/wp\/v2\/pages"}],"about":[{"href":"https:\/\/haarlemcollege.nl\/es\/wp-json\/wp\/v2\/types\/page"}],"author":[{"embeddable":true,"href":"https:\/\/haarlemcollege.nl\/es\/wp-json\/wp\/v2\/users\/1"}],"replies":[{"embeddable":true,"href":"https:\/\/haarlemcollege.nl\/es\/wp-json\/wp\/v2\/comments?post=2"}],"version-history":[{"count":109,"href":"https:\/\/haarlemcollege.nl\/es\/wp-json\/wp\/v2\/pages\/2\/revisions"}],"predecessor-version":[{"id":4493,"href":"https:\/\/haarlemcollege.nl\/es\/wp-json\/wp\/v2\/pages\/2\/revisions\/4493"}],"wp:featuredmedia":[{"embeddable":true,"href":"https:\/\/haarlemcollege.nl\/es\/wp-json\/wp\/v2\/media\/925"}],"wp:attachment":[{"href":"https:\/\/haarlemcollege.nl\/es\/wp-json\/wp\/v2\/media?parent=2"}],"curies":[{"name":"wp","href":"https:\/\/api.w.org\/{rel}","templated":true}]}}